{"id":590,"date":"2015-07-06T06:34:08","date_gmt":"2015-07-06T06:34:08","guid":{"rendered":"http:\/\/paroissesaintgilles.be\/?page_id=590"},"modified":"2024-12-17T18:15:40","modified_gmt":"2024-12-17T17:15:40","slug":"priere-du-mois","status":"publish","type":"page","link":"https:\/\/www.paroissesaintgilles.be\/?page_id=590","title":{"rendered":"Pri\u00e8re pour la paix"},"content":{"rendered":"<p><em>\u00a0Le3\u00e8mejeudi du mois,les paroissiens\u00a0 i le souhaitent forment <strong>une cha\u00eene t\u00e9l\u00e9phonique<\/strong> pournousrappeler de prier un court moment pour la paix.\u00a0 C&rsquo;est l&rsquo;occasion,f-aut-il\u00a0 le dire- l&rsquo;occasion de papoter un peu avec le\u00a0 cha\u00eenon suivant&#8230; \u00a0<\/em><\/p>\n<p><a href=\"http:\/\/www.paroissesaintgilles.be\/wp-content\/uploads\/2024\/12\/Paix-chaine-priere-decembre-1.docx\">Paix chaine pri\u00e8re d\u00e9cembre<\/a><\/p>\n<p>Le texte de la pri\u00e8re et le num\u00e9ro du cha\u00eenon suivant que vous devez contacter vous parviennent quelques jours auparavant via votre bo\u00eete aux lettres.<\/p>\n<p><em>Voulez-vous v vous ins\u00e9rer dans notre cha\u00eene?<\/em><\/p>\n<p><a href=\"http:\/\/www.paroissesaintgilles.be\/wp-content\/uploads\/2024\/12\/Paix-chaine-priere-decembre-2024.pdf\">Paix chaine pri\u00e8re d\u00e9cembre 2024<\/a> <a href=\"http:\/\/www.paroissesaintgilles.be\/wp-content\/uploads\/2024\/12\/Paix-chaine-priere-decembre-2024-1.pdf\">Paix chaine pri\u00e8re d\u00e9cembre 2024<\/a><\/p>\n<p>&nbsp;<\/p>\n<p>&nbsp;<\/p>\n<p>&nbsp;<\/p>\n","protected":false},"excerpt":{"rendered":"<p>\u00a0Le3\u00e8mejeudi du mois,les paroissiens\u00a0 i le souhaitent forment une cha\u00eene t\u00e9l\u00e9phonique pournousrappeler de prier un court moment pour la paix.\u00a0 C&rsquo;est l&rsquo;occasion,f-aut-il\u00a0 le dire- l&rsquo;occasion de papoter un peu avec &hellip; <\/p>\n<p class=\"link-more\"><a href=\"https:\/\/www.paroissesaintgilles.be\/?page_id=590\" class=\"more-link\">Continuer la lecture<span class=\"screen-reader-text\"> de &laquo;&nbsp;Pri\u00e8re pour la paix&nbsp;&raquo;<\/span><\/a><\/p>\n","protected":false},"author":1,"featured_media":0,"parent":0,"menu_order":0,"comment_status":"open","ping_status":"open","template":"","meta":{"_crdt_document":"","footnotes":""},"class_list":["post-590","page","type-page","status-publish","hentry"],"_links":{"self":[{"href":"https:\/\/www.paroissesaintgilles.be\/index.php?rest_route=\/wp\/v2\/pages\/590","targetHints":{"allow":["GET"]}}],"collection":[{"href":"https:\/\/www.paroissesaintgilles.be\/index.php?rest_route=\/wp\/v2\/pages"}],"about":[{"href":"https:\/\/www.paroissesaintgilles.be\/index.php?rest_route=\/wp\/v2\/types\/page"}],"author":[{"embeddable":true,"href":"https:\/\/www.paroissesaintgilles.be\/index.php?rest_route=\/wp\/v2\/users\/1"}],"replies":[{"embeddable":true,"href":"https:\/\/www.paroissesaintgilles.be\/index.php?rest_route=%2Fwp%2Fv2%2Fcomments&post=590"}],"version-history":[{"count":12,"href":"https:\/\/www.paroissesaintgilles.be\/index.php?rest_route=\/wp\/v2\/pages\/590\/revisions"}],"predecessor-version":[{"id":845,"href":"https:\/\/www.paroissesaintgilles.be\/index.php?rest_route=\/wp\/v2\/pages\/590\/revisions\/845"}],"wp:attachment":[{"href":"https:\/\/www.paroissesaintgilles.be\/index.php?rest_route=%2Fwp%2Fv2%2Fmedia&parent=590"}],"curies":[{"name":"wp","href":"https:\/\/api.w.org\/{rel}","templated":true}]}}