{"id":355,"date":"2015-03-07T22:10:47","date_gmt":"2015-03-07T22:10:47","guid":{"rendered":"http:\/\/paroissesaintgilles.be\/?page_id=355"},"modified":"2025-01-12T18:09:48","modified_gmt":"2025-01-12T17:09:48","slug":"chants","status":"publish","type":"page","link":"https:\/\/www.paroissesaintgilles.be\/?page_id=355","title":{"rendered":"CHANTS UTILISES LORS DES EUCHARISTIES  (liens internet)"},"content":{"rendered":"<p>Ci-dessous le livre de chants pour la messe des enfants en format PDF.<\/p>\n<p><a href=\"http:\/\/paroissesaintgilles.be\/wp-content\/uploads\/2015\/03\/Chants_2014-20151.pdf\">Chants_2014-2015<\/a>\u00a0\u00a0 PDF<\/p>\n<p>&nbsp;<\/p>\n<p>&nbsp;<\/p>\n<p>Et voici les liens Internet pour les diff\u00e9rents chants:<\/p>\n<p><span style=\"text-decoration: underline;\"><strong>OUVERTURE<br \/>\n<\/strong><\/span><\/p>\n<p><a href=\"https:\/\/www.youtube.com\/watch?v=ySFXrf5vaaM&amp;list=RDySFXrf5vaaM&amp;start_radio=1&amp;rv=ySFXrf5vaaM&amp;t=36\" target=\"_blank\" rel=\"noopener\">Seigneur, nous voici tous r\u00e9unis<\/a><\/p>\n<p>Amis chantons notre joie<br \/>\n<a title=\"Comme un souffle fragile\" href=\"https:\/\/www.youtube.com\/watch?v=hUhiZiW_G-U\" target=\"_blank\" rel=\"noopener\">Comme un souffle fragile<\/a><br \/>\n<a title=\"Allons tous ensemble vers la montagne de Dieu\" href=\"https:\/\/www.youtube.com\/watch?v=TVe2UakgP1A\" target=\"_blank\" rel=\"noopener\">Allons tous ensemble vers la montagne de Dieu<\/a><br \/>\n<a title=\"Trouver dans ma vie ta pr\u00e9sence\" href=\"https:\/\/www.youtube.com\/watch?v=f5VkEB0EMAo\" target=\"_blank\" rel=\"noopener\">Trouver dans ma vie ta <\/a>pr\u00e9sence<br \/>\n<a title=\"Que tes oeuvres sont belles\" href=\"https:\/\/www.youtube.com\/watch?v=yMT0zkneI5k\" target=\"_blank\" rel=\"noopener\">Que tes oeuvres sont belles<\/a><br \/>\n<a title=\"Seigneur (2x) nous arrivons des quatres coins de l'horizon\" href=\"https:\/\/www.youtube.com\/watch?v=6JUbSuUHDtU\" target=\"_blank\" rel=\"noopener\">Seigneur (2x), nous arrivons des quatre coins de l&rsquo;Horizon<\/a><br \/>\n<a href=\"https:\/\/www.youtube.com\/watch?v=LkhdACv_Cbo\" target=\"_blank\" rel=\"noopener\">Me voici, Seigneur ! Me voici comme un enfant<\/a><br \/>\n<a href=\"https:\/\/www.youtube.com\/watch?v=UMgox7lkRM4\" target=\"_blank\" rel=\"noopener\">O P\u00e8re, je suis ton enfant<\/a><br \/>\n<a href=\"https:\/\/www.youtube.com\/watch?v=wh0d_wbAoZg\" target=\"_blank\" rel=\"noopener\">Dieu est une f\u00eate aujourd&rsquo;hui<\/a><br \/>\n<a href=\"https:\/\/www.youtube.com\/watch?v=XVBM7WyW_3s\" target=\"_blank\" rel=\"noopener\">L&rsquo;esprit de f\u00eate \u00e9clatera<\/a><br \/>\n<a href=\"https:\/\/www.youtube.com\/watch?v=MJb5Tc-JvPc\" target=\"_blank\" rel=\"noopener\">La terre chante les couleurs<\/a><br \/>\nViens m\u00e9langer tes couleurs<\/p>\n<p>Nous chanterons pour toi, Seigneur !<a href=\"\/\/www.youtube.com\" target=\"_blank\" rel=\"noopener\">tps:\/\/www.youtube.com<\/a> \u00a0ttps:\/\/www.youtube.com\/watch?v=yZ6g9Vw-rvw<\/p>\n<p><a href=\"https:\/\/www.youtube.com\/watch?v=IXLozSQO5mc\" target=\"_blank\" rel=\"noopener\">https:\/\/www.youtube.com\/watch?v=IXLozSQO5mc<\/a>\u00c9coute la voix du Seigneur<\/p>\n<p><span style=\"text-decoration: underline;\"><strong>KYRIE<\/strong><\/span><\/p>\n<p>Pardon, Seigneur pardon\u00a0\u00a0<a href=\"https:\/\/www.youtube.com\/watch?v=JekNYt1nYmA\" target=\"_blank\" rel=\"noopener\">https:\/\/www.youtube.com\/watch?v=JekNYt1nYmA<\/a><\/p>\n<p>pr<a href=\"https:\/\/www.youtube.com\/watch?v=JNuHgHz1JKM\" target=\"_blank\" rel=\"noopener\">ends piti\u00e9 de tout homme p\u00e9cheur<\/a><\/p>\n<p><a href=\"https:\/\/www.youtube.com\/watch?v=bnXu31DZMis\" target=\"_blank\" rel=\"noopener\">Naitre et renaitre de l&rsquo;eau et de l&rsquo;Esprit<\/a><br \/>\n<a href=\"https:\/\/www.youtube.com\/watch?v=TtTYbgDXfxo\" target=\"_blank\" rel=\"noopener\">Seigneur, j&rsquo;accueille ton pardon<\/a><\/p>\n<p>kyrie 10 de Taiz\u00e9\u00a0 : <a href=\"http:\/\/www.youtube.com\/watch?v=WGsBsjksED4\" target=\"_blank\" rel=\"noopener\">http:\/\/www.youtube.com\/watch?v=WGsBsjksED4<\/a><\/p>\n<p><span style=\"text-decoration: underline;\"><strong>Gloria<\/strong><\/span><\/p>\n<p><a href=\"https:\/\/www.youtube.com\/watch?v=CvxLXFQjrAE\" target=\"_blank\" rel=\"noopener\">All\u00e9luia, All\u00e9luia, Gloire et Louange \u00e0 l&rsquo;agneau<\/a><br \/>\n<a href=\"https:\/\/www.youtube.com\/watch?v=wQTm07qyt-c\" target=\"_blank\" rel=\"noopener\">Louange et Gloire \u00e0 ton nom<\/a><\/p>\n<p><span style=\"text-decoration: underline;\"><strong>Psaume:<\/strong><\/span><\/p>\n<p>q<a href=\"https:\/\/www.youtube.com\/watch?v=hTPHTpS4eU4&amp;list=RDAV9Mu8z8xyg&amp;index=3\" target=\"_blank\" rel=\"noopener\">ue ma langue s&rsquo;accroche \u00e0 mon palais si je perds ton souvenir (ps 36 <\/a><\/p>\n<p><a href=\"https:\/\/www.youtube.com\/watch?v=9QpA8miRUL0\" target=\"_blank\" rel=\"noopener\">Que ma bouche chante ta louange<\/a><\/p>\n<p><span style=\"text-decoration: underline;\"><strong>Divers:<\/strong><\/span><\/p>\n<p><a href=\"https:\/\/www.youtube.com\/watch?v=eiw75v6uJKQ\" target=\"_blank\" rel=\"noopener\">\u00a0J\u00e9sus Je t&rsquo;aime<\/a><\/p>\n<p><span style=\"text-decoration: underline;\"><strong>Pri\u00e8re Universelle:<\/strong><\/span><\/p>\n<p>O Seigneur, envoie ton Esprit<br \/>\n<a href=\"https:\/\/www.youtube.com\/watch?v=LfjJrXBf6s8\" target=\"_blank\" rel=\"noopener\">Viens, Esprit de Saintet\u00e9<\/a><br \/>\n<a href=\"https:\/\/www.youtube.com\/watch?v=tetuHAR2Eho\" target=\"_blank\" rel=\"noopener\">Entends nos pri\u00e8res, entends nos voix<\/a><\/p>\n<p><span style=\"text-decoration: underline;\"><strong>Sanctus:<\/strong><\/span><\/p>\n<p><a href=\"https:\/\/www.youtube.com\/watch?v=_EOQdXDSkNY\" target=\"_blank\" rel=\"noopener\">Saint le Seigneur de l&rsquo;Univers<\/a><br \/>\n<a href=\"https:\/\/www.youtube.com\/watch?v=v_Az8nsQMB8\" target=\"_blank\" rel=\"noopener\">Le Seigneur est Trois fois Saint<\/a><\/p>\n<p><span style=\"text-decoration: underline;\"><strong>Anamn\u00e8se:<\/strong><\/span><\/p>\n<p><a href=\"https:\/\/www.youtube.com\/watch?v=MHuqTHXSM0U\" target=\"_blank\" rel=\"noopener\">Christ est venu, Christ est n\u00e9<\/a><br \/>\n<a href=\"https:\/\/www.youtube.com\/watch?v=Z8IvChd65cc\" target=\"_blank\" rel=\"noopener\">Tu as connu la mort<\/a><\/p>\n<p><span style=\"text-decoration: underline;\"><strong>Notre P\u00e8re:<\/strong><\/span><\/p>\n<p><a href=\"https:\/\/www.youtube.com\/watch?v=Ptn2VUsQ_d4\" target=\"_blank\" rel=\"noopener\">Notre P\u00e8re (du Burkina Faso)<\/a><\/p>\n<p><span style=\"text-decoration: underline;\"><strong>Chants de Paix:<\/strong><\/span><\/p>\n<p><a href=\"https:\/\/www.youtube.com\/watch?v=pmVdeEKOcu4\" target=\"_blank\" rel=\"noopener\">Donne la paix, donne la paix<\/a><br \/>\n<a href=\"https:\/\/www.youtube.com\/watch?v=ywasyxl9Ywk\" target=\"_blank\" rel=\"noopener\">Evenou shalom alerem<\/a><\/p>\n<p><span style=\"text-decoration: underline;\"><strong>Agnus:<\/strong><\/span><\/p>\n<p><a href=\"https:\/\/www.youtube.com\/watch?v=ROAQzVuQ-B4\" target=\"_blank\" rel=\"noopener\">Agneau de Dieu qui prends nos p\u00e9ch\u00e9s<\/a><\/p>\n<p><span style=\"text-decoration: underline;\"><strong>Communion<\/strong><\/span><\/p>\n<p>Marche avec nous, J\u00e9sus ressuscit\u00e9 (communaut\u00e9 de l&rsquo;Emmanuel) s:\/\/<a href=\"http:\/\/www.youtube.com\/watch?v=TGUAM63QXck Entre nos mains\" target=\"_blank\" rel=\"noopener\">www.youtube.com\/watch?v=TGUAM63QXck<\/a><\/p>\n<p>Entre nos mains<br \/>\n<a href=\"https:\/\/www.youtube.com\/watch?v=vg913xsbxsI\" target=\"_blank\" rel=\"noopener\">Voici le corps et le sang du Seigneur<\/a><br \/>\n<a href=\"https:\/\/www.youtube.com\/watch?v=zKiFAKXrrUs\" target=\"_blank\" rel=\"noopener\">Tu es l\u00e0 present livr\u00e9 pour nous<\/a><br \/>\n<a href=\"https:\/\/www.youtube.com\/watch?v=erHTMApIf9Y\" target=\"_blank\" rel=\"noopener\">Tu parais sur le bord du Jourdain<\/a><br \/>\n<a href=\"https:\/\/www.youtube.com\/watch?v=06LIWHhsh7M\" target=\"_blank\" rel=\"noopener\">Pri\u00e8re pour mon pays<\/a><\/p>\n<p><span style=\"text-decoration: underline;\"><strong>Cons\u00e9cration \u00e0 la Vierge:<\/strong><\/span><\/p>\n<p><a href=\"https:\/\/www.youtube.com\/watch?v=UEmQh77K0Rs\" target=\"_blank\" rel=\"noopener\">Nous te saluons, \u00f4 Toi Notre Dame<\/a><\/p>\n<p><span style=\"text-decoration: underline;\"><strong>Chants d&rsquo;EENVOI<\/strong><\/span><\/p>\n<p><a href=\"https:\/\/www.youtube.com\/watch?v=eHgaJFEgUk8&amp;list=PLZCfJcFTahNAPVybOuAuEwWGcvWih4j6_\" target=\"_blank\" rel=\"noopener\">A la croix je me prosterne<\/a><br \/>\n<a href=\"https:\/\/www.youtube.com\/watch?v=WM9Py8FtI3A\" target=\"_blank\" rel=\"noopener\">Tu es l\u00e0 au Coeur de nos vies<\/a><br \/>\n<a href=\"https:\/\/www.youtube.com\/watch?v=e6R16sK9HA8\" target=\"_blank\" rel=\"noopener\">Que chaque enfant porte sa pierre<\/a><br \/>\nSi tu crois (Chante Chante mon fr\u00e8re) Patrick Richard<\/p>\n<p>Le seigneur est mon berger (version commun.chemin neuf!\u00a0 <a href=\"\/\/www.youtube.com\/watch?v=EI6c_DB-vSg\" target=\"_blank\" rel=\"noopener\">tps:\/\/www.youtube.com\/watch?v=EI6c_DB-vSg<\/a><\/p>\n<p>Fais de nous un peuple de t\u00e9moins pour dire au monde tes merveilles<a href=\"https:\/\/www.youtube.com\/watch?v=jfO4KNtQXzE\" target=\"_blank\" rel=\"noopener\">https:\/\/www.youtube.com\/watch?v=jfO4KNtQXzE<\/a><\/p>\n<p>&nbsp;<\/p>\n","protected":false},"excerpt":{"rendered":"<p>Ci-dessous le livre de chants pour la messe des enfants en format PDF. Chants_2014-2015\u00a0\u00a0 PDF &nbsp; &nbsp; Et voici les liens Internet pour les diff\u00e9rents chants: OUVERTURE Seigneur, nous voici &hellip; <\/p>\n<p class=\"link-more\"><a href=\"https:\/\/www.paroissesaintgilles.be\/?page_id=355\" class=\"more-link\">Continuer la lecture<span class=\"screen-reader-text\"> de &laquo;&nbsp;CHANTS UTILISES LORS DES EUCHARISTIES  (liens internet)&nbsp;&raquo;<\/span><\/a><\/p>\n","protected":false},"author":1,"featured_media":0,"parent":3956,"menu_order":0,"comment_status":"open","ping_status":"open","template":"","meta":{"_crdt_document":"","footnotes":""},"class_list":["post-355","page","type-page","status-publish","hentry"],"_links":{"self":[{"href":"https:\/\/www.paroissesaintgilles.be\/index.php?rest_route=\/wp\/v2\/pages\/355","targetHints":{"allow":["GET"]}}],"collection":[{"href":"https:\/\/www.paroissesaintgilles.be\/index.php?rest_route=\/wp\/v2\/pages"}],"about":[{"href":"https:\/\/www.paroissesaintgilles.be\/index.php?rest_route=\/wp\/v2\/types\/page"}],"author":[{"embeddable":true,"href":"https:\/\/www.paroissesaintgilles.be\/index.php?rest_route=\/wp\/v2\/users\/1"}],"replies":[{"embeddable":true,"href":"https:\/\/www.paroissesaintgilles.be\/index.php?rest_route=%2Fwp%2Fv2%2Fcomments&post=355"}],"version-history":[{"count":33,"href":"https:\/\/www.paroissesaintgilles.be\/index.php?rest_route=\/wp\/v2\/pages\/355\/revisions"}],"predecessor-version":[{"id":8458,"href":"https:\/\/www.paroissesaintgilles.be\/index.php?rest_route=\/wp\/v2\/pages\/355\/revisions\/8458"}],"up":[{"embeddable":true,"href":"https:\/\/www.paroissesaintgilles.be\/index.php?rest_route=\/wp\/v2\/pages\/3956"}],"wp:attachment":[{"href":"https:\/\/www.paroissesaintgilles.be\/index.php?rest_route=%2Fwp%2Fv2%2Fmedia&parent=355"}],"curies":[{"name":"wp","href":"https:\/\/api.w.org\/{rel}","templated":true}]}}