{"id":3055,"date":"2019-09-24T07:52:11","date_gmt":"2019-09-24T07:52:11","guid":{"rendered":"https:\/\/www.paroissesaintgilles.be\/?page_id=3055"},"modified":"2021-09-15T14:37:48","modified_gmt":"2021-09-15T12:37:48","slug":"3055-2","status":"publish","type":"page","link":"https:\/\/www.paroissesaintgilles.be\/?page_id=3055","title":{"rendered":"archives : La neuvaine 2019"},"content":{"rendered":"<div id='gallery-1' class='gallery galleryid-3055 gallery-columns-3 gallery-size-thumbnail'><figure class='gallery-item'>\n\t\t\t<div class='gallery-icon landscape'>\n\t\t\t\t<a href='https:\/\/www.paroissesaintgilles.be\/?attachment_id=3025'><img loading=\"lazy\" decoding=\"async\" width=\"150\" height=\"150\" src=\"https:\/\/www.paroissesaintgilles.be\/wp-content\/uploads\/2019\/09\/P1430186-4-150x150.jpg\" class=\"attachment-thumbnail size-thumbnail\" alt=\"\" aria-describedby=\"gallery-1-3025\" srcset=\"https:\/\/www.paroissesaintgilles.be\/wp-content\/uploads\/2019\/09\/P1430186-4-150x150.jpg 150w, https:\/\/www.paroissesaintgilles.be\/wp-content\/uploads\/2019\/09\/P1430186-4-100x100.jpg 100w\" sizes=\"auto, 100vw\" \/><\/a>\n\t\t\t<\/div>\n\t\t\t\t<figcaption class='wp-caption-text gallery-caption' id='gallery-1-3025'>\n\t\t\t\tmardi 3 sept.2019 : sacrement des malades\n\t\t\t\t<\/figcaption><\/figure><figure class='gallery-item'>\n\t\t\t<div class='gallery-icon landscape'>\n\t\t\t\t<a href='https:\/\/www.paroissesaintgilles.be\/?attachment_id=3014'><img loading=\"lazy\" decoding=\"async\" width=\"150\" height=\"150\" src=\"https:\/\/www.paroissesaintgilles.be\/wp-content\/uploads\/2019\/09\/P1430184-2-150x150.jpg\" class=\"attachment-thumbnail size-thumbnail\" alt=\"\" srcset=\"https:\/\/www.paroissesaintgilles.be\/wp-content\/uploads\/2019\/09\/P1430184-2-150x150.jpg 150w, https:\/\/www.paroissesaintgilles.be\/wp-content\/uploads\/2019\/09\/P1430184-2-100x100.jpg 100w\" sizes=\"auto, 100vw\" \/><\/a>\n\t\t\t<\/div><\/figure><figure class='gallery-item'>\n\t\t\t<div class='gallery-icon landscape'>\n\t\t\t\t<a href='https:\/\/www.paroissesaintgilles.be\/?attachment_id=3015'><img loading=\"lazy\" decoding=\"async\" width=\"150\" height=\"150\" src=\"https:\/\/www.paroissesaintgilles.be\/wp-content\/uploads\/2019\/09\/P1430175-3-150x150.jpg\" class=\"attachment-thumbnail size-thumbnail\" alt=\"\" srcset=\"https:\/\/www.paroissesaintgilles.be\/wp-content\/uploads\/2019\/09\/P1430175-3-150x150.jpg 150w, https:\/\/www.paroissesaintgilles.be\/wp-content\/uploads\/2019\/09\/P1430175-3-100x100.jpg 100w\" sizes=\"auto, 100vw\" \/><\/a>\n\t\t\t<\/div><\/figure><figure class='gallery-item'>\n\t\t\t<div class='gallery-icon landscape'>\n\t\t\t\t<a href='https:\/\/www.paroissesaintgilles.be\/?attachment_id=3039'><img loading=\"lazy\" decoding=\"async\" width=\"150\" height=\"150\" src=\"https:\/\/www.paroissesaintgilles.be\/wp-content\/uploads\/2019\/09\/P1430180-3-150x150.jpg\" class=\"attachment-thumbnail size-thumbnail\" alt=\"\" aria-describedby=\"gallery-1-3039\" srcset=\"https:\/\/www.paroissesaintgilles.be\/wp-content\/uploads\/2019\/09\/P1430180-3-150x150.jpg 150w, https:\/\/www.paroissesaintgilles.be\/wp-content\/uploads\/2019\/09\/P1430180-3-100x100.jpg 100w\" sizes=\"auto, 100vw\" \/><\/a>\n\t\t\t<\/div>\n\t\t\t\t<figcaption class='wp-caption-text gallery-caption' id='gallery-1-3039'>\n\t\t\t\tmonseigneur Aloys Jousten, \u00e9v\u00eaque \u00e9m\u00e9rite de Li\u00e8ge, pr\u00e9dicateur de la neuvaine 2019 : \u00ab\u00a0Les rencontres de J\u00e9sus.\n\t\t\t\t<\/figcaption><\/figure><figure class='gallery-item'>\n\t\t\t<div class='gallery-icon landscape'>\n\t\t\t\t<a href='https:\/\/www.paroissesaintgilles.be\/?attachment_id=3042'><img loading=\"lazy\" decoding=\"async\" width=\"150\" height=\"150\" src=\"https:\/\/www.paroissesaintgilles.be\/wp-content\/uploads\/2019\/09\/P1430179-4-150x150.jpg\" class=\"attachment-thumbnail size-thumbnail\" alt=\"\" srcset=\"https:\/\/www.paroissesaintgilles.be\/wp-content\/uploads\/2019\/09\/P1430179-4-150x150.jpg 150w, https:\/\/www.paroissesaintgilles.be\/wp-content\/uploads\/2019\/09\/P1430179-4-100x100.jpg 100w\" sizes=\"auto, 100vw\" \/><\/a>\n\t\t\t<\/div><\/figure><figure class='gallery-item'>\n\t\t\t<div class='gallery-icon landscape'>\n\t\t\t\t<a href='https:\/\/www.paroissesaintgilles.be\/?attachment_id=3041'><img loading=\"lazy\" decoding=\"async\" width=\"150\" height=\"150\" src=\"https:\/\/www.paroissesaintgilles.be\/wp-content\/uploads\/2019\/09\/P1430178-3-150x150.jpg\" class=\"attachment-thumbnail size-thumbnail\" alt=\"\" srcset=\"https:\/\/www.paroissesaintgilles.be\/wp-content\/uploads\/2019\/09\/P1430178-3-150x150.jpg 150w, https:\/\/www.paroissesaintgilles.be\/wp-content\/uploads\/2019\/09\/P1430178-3-100x100.jpg 100w\" sizes=\"auto, 100vw\" \/><\/a>\n\t\t\t<\/div><\/figure>\n\t\t<\/div>\n\n<div id='gallery-2' class='gallery galleryid-3055 gallery-columns-3 gallery-size-thumbnail'><figure class='gallery-item'>\n\t\t\t<div class='gallery-icon landscape'>\n\t\t\t\t<a href='https:\/\/www.paroissesaintgilles.be\/?attachment_id=3007'><img loading=\"lazy\" decoding=\"async\" width=\"150\" height=\"150\" src=\"https:\/\/www.paroissesaintgilles.be\/wp-content\/uploads\/2019\/09\/P1430185-2-150x150.jpg\" class=\"attachment-thumbnail size-thumbnail\" alt=\"\" srcset=\"https:\/\/www.paroissesaintgilles.be\/wp-content\/uploads\/2019\/09\/P1430185-2-150x150.jpg 150w, https:\/\/www.paroissesaintgilles.be\/wp-content\/uploads\/2019\/09\/P1430185-2-100x100.jpg 100w\" sizes=\"auto, 100vw\" \/><\/a>\n\t\t\t<\/div><\/figure><figure class='gallery-item'>\n\t\t\t<div class='gallery-icon landscape'>\n\t\t\t\t<a href='https:\/\/www.paroissesaintgilles.be\/?attachment_id=3034'><img loading=\"lazy\" decoding=\"async\" width=\"150\" height=\"150\" src=\"https:\/\/www.paroissesaintgilles.be\/wp-content\/uploads\/2019\/09\/P1430174-3-150x150.jpg\" class=\"attachment-thumbnail size-thumbnail\" alt=\"\" srcset=\"https:\/\/www.paroissesaintgilles.be\/wp-content\/uploads\/2019\/09\/P1430174-3-150x150.jpg 150w, https:\/\/www.paroissesaintgilles.be\/wp-content\/uploads\/2019\/09\/P1430174-3-100x100.jpg 100w\" sizes=\"auto, 100vw\" \/><\/a>\n\t\t\t<\/div><\/figure><figure class='gallery-item'>\n\t\t\t<div class='gallery-icon landscape'>\n\t\t\t\t<a href='https:\/\/www.paroissesaintgilles.be\/?attachment_id=3036'><img loading=\"lazy\" decoding=\"async\" width=\"150\" height=\"150\" src=\"https:\/\/www.paroissesaintgilles.be\/wp-content\/uploads\/2019\/09\/P1430176-3-150x150.jpg\" class=\"attachment-thumbnail size-thumbnail\" alt=\"\" srcset=\"https:\/\/www.paroissesaintgilles.be\/wp-content\/uploads\/2019\/09\/P1430176-3-150x150.jpg 150w, https:\/\/www.paroissesaintgilles.be\/wp-content\/uploads\/2019\/09\/P1430176-3-100x100.jpg 100w\" sizes=\"auto, 100vw\" \/><\/a>\n\t\t\t<\/div><\/figure>\n\t\t<\/div>\n\n","protected":false},"excerpt":{"rendered":"","protected":false},"author":1,"featured_media":0,"parent":0,"menu_order":0,"comment_status":"closed","ping_status":"closed","template":"","meta":{"_crdt_document":"","footnotes":""},"class_list":["post-3055","page","type-page","status-publish","hentry"],"_links":{"self":[{"href":"https:\/\/www.paroissesaintgilles.be\/index.php?rest_route=\/wp\/v2\/pages\/3055","targetHints":{"allow":["GET"]}}],"collection":[{"href":"https:\/\/www.paroissesaintgilles.be\/index.php?rest_route=\/wp\/v2\/pages"}],"about":[{"href":"https:\/\/www.paroissesaintgilles.be\/index.php?rest_route=\/wp\/v2\/types\/page"}],"author":[{"embeddable":true,"href":"https:\/\/www.paroissesaintgilles.be\/index.php?rest_route=\/wp\/v2\/users\/1"}],"replies":[{"embeddable":true,"href":"https:\/\/www.paroissesaintgilles.be\/index.php?rest_route=%2Fwp%2Fv2%2Fcomments&post=3055"}],"version-history":[{"count":4,"href":"https:\/\/www.paroissesaintgilles.be\/index.php?rest_route=\/wp\/v2\/pages\/3055\/revisions"}],"predecessor-version":[{"id":4037,"href":"https:\/\/www.paroissesaintgilles.be\/index.php?rest_route=\/wp\/v2\/pages\/3055\/revisions\/4037"}],"wp:attachment":[{"href":"https:\/\/www.paroissesaintgilles.be\/index.php?rest_route=%2Fwp%2Fv2%2Fmedia&parent=3055"}],"curies":[{"name":"wp","href":"https:\/\/api.w.org\/{rel}","templated":true}]}}