{"id":2260,"date":"2019-07-16T14:08:34","date_gmt":"2019-07-16T14:08:34","guid":{"rendered":"https:\/\/www.paroissesaintgilles.be\/?page_id=2260"},"modified":"2025-10-20T12:30:26","modified_gmt":"2025-10-20T10:30:26","slug":"2260-2","status":"publish","type":"page","link":"https:\/\/www.paroissesaintgilles.be\/?page_id=2260","title":{"rendered":"Eug\u00e9nie Joubert, la petite sainte de chez nous"},"content":{"rendered":"<p><a href=\"http:\/\/www.paroissesaintgilles.be\/wp-content\/uploads\/2022\/04\/eugenie-joubert-034.jpg\"><img loading=\"lazy\" decoding=\"async\" class=\"alignright size-medium wp-image-5703\" src=\"http:\/\/www.paroissesaintgilles.be\/wp-content\/uploads\/2022\/04\/eugenie-joubert-034-200x300.jpg\" alt=\"\" width=\"200\" height=\"300\" srcset=\"https:\/\/www.paroissesaintgilles.be\/wp-content\/uploads\/2022\/04\/eugenie-joubert-034-200x300.jpg 200w, https:\/\/www.paroissesaintgilles.be\/wp-content\/uploads\/2022\/04\/eugenie-joubert-034-683x1024.jpg 683w, https:\/\/www.paroissesaintgilles.be\/wp-content\/uploads\/2022\/04\/eugenie-joubert-034-768x1152.jpg 768w, https:\/\/www.paroissesaintgilles.be\/wp-content\/uploads\/2022\/04\/eugenie-joubert-034-1024x1536.jpg 1024w, https:\/\/www.paroissesaintgilles.be\/wp-content\/uploads\/2022\/04\/eugenie-joubert-034.jpg 1272w\" sizes=\"auto, (max-width: 200px) 100vw, 200px\" \/><\/a><\/p>\n<p>Elle n\u2019est pourtant pas n\u00e9e dans la r\u00e9gion : elle est <strong>n\u00e9e en en France, en <\/strong><strong>1876,<\/strong> dans la petite ville d\u2019Yssingeaux, (Haute L<strong>oire)<\/strong>.dans une famille de 4 enfants. Ses parents ne s&rsquo;entendent pas : la maman, fortun\u00e9e et mondaine, n\u2019\u00e9prouve aucune d\u2019affection pour la petite Eug\u00e9nie ; le papa est un<br \/>\ncampagnard brutal et rustre. Les parents se s\u00e9parent, Eug\u00e9nie vivra avec sa m\u00e8re et trouvera en sa grande s\u0153ur Marie une<br \/>\nconfidente, un mod\u00e8le et, plus tard, sa sup\u00e9rieure en religion.<br \/>\nDe cette enfance malheureuse, Eug\u00e9nie retirera une sensibilit\u00e9<br \/>\net une force de caract\u00e8re peu communes. Tr\u00e8s t\u00f4t, \u00e0 5 ans, elle<br \/>\nest plac\u00e9e en pensionnat chez les ursulines. Mais pour des<br \/>\nraisons inconnues, elle est \u00e0 plusieurs reprises chang\u00e9e de<br \/>\npensionnat. Aux \u00e9tudes, elle est peu dou\u00e9e. Mais partout, ses<br \/>\nma\u00eetresses s\u2019accordent \u00e0 parler d\u2019elle parl\u00e9 d\u2019elle comme d\u2019une<br \/>\npetite fille toujours joyeuse, toujours gaie, qui aime amuser ses<br \/>\ncampagnes&#8230;<br \/>\nA 19 ans, elle rentre comme postulante dans un ordre<br \/>\nnouvellement fond\u00e9 dans la r\u00e9gion : L\u2019ordre de la Sainte<br \/>\nFamille du Sacr\u00e9 C\u0153ur : Un ordre religieux contemplatif mais<br \/>\nqui se donne aussi comme mission la cat\u00e9ch\u00e8se des classes<br \/>\npauvres de la soci\u00e9t\u00e9. Eug\u00e9nie est envoy\u00e9e \u00e0 Aubervilliers,<br \/>\ndans la banlieue parisienne : on confie \u00e0 la \u00ab petite nouvelle \u00bb<br \/>\ndes classes de 70 \u00e0 100 enfants \u00ab attard\u00e9s \u00bb. Eug\u00e9nie<br \/>\nr\u00e9ussissait l\u00e0 o\u00f9 toutes les autres \u00e9chouaient. Elle n\u2019a pas<br \/>\nlaiss\u00e9 de m\u00e9thode de cat\u00e9chisme, mais ses s\u0153urs ont<br \/>\nunanimement rep\u00e9r\u00e9 sa <strong>m\u00e9thode de cat\u00e9chiste :<\/strong><br \/>\n1\u00b0) \u00eatre patiente et aimable avec les enfants :<br \/>\nR\u00e9p\u00e9ter, r\u00e9expliquer, en pensant combien J\u00e9sus a<br \/>\n\u00e9t\u00e9 patient avec elle ;<br \/>\n2\u00b0) prier avec les enfants ;<br \/>\n3\u00b0) mettre la Sainte Vierge avec elle ;<br \/>\n4\u00b0) avoir une vie int\u00e9rieure intense : \u00ab je ne suis<br \/>\njamais seule disait-elle, je parle toujours \u00e0 J\u00e9sus, \u00e0<br \/>\nMarie et \u00e0 Joseph\u2026) \u00bb<br \/>\nSans doute les s\u0153urs d\u2019Eug\u00e9nie ne pensent-elles<br \/>\nm\u00eame pas \u00e0 mentionner un moyen des plus \u00e9vidents<br \/>\nde s\u2019attacher aux enfants , tant il \u00e9tait habituel chez<br \/>\nEug\u00e9nie : sa joie, son sourire :\u00ab Eug\u00e9nie \u00e9crit \u00e0 sa<br \/>\ns\u0153ur : \u00ab Le bon Dieu ne d\u00e9fend pas de rire et de<br \/>\ns&rsquo;amuser, pourvu qu&rsquo;on l&rsquo;aime de tout son c\u0153ur et<br \/>\nque l&rsquo;on garde son \u00e2me bien blanche, c&rsquo;est-\u00e0-dire<br \/>\nsans p\u00e9ch\u00e9 &#8230; Le secret pour rester l&rsquo;enfant du bon<br \/>\nDieu, c&rsquo;est de rester l&rsquo;enfant de la Tr\u00e8s Sainte Vierge.<br \/>\nIl faut beaucoup aimer la Tr\u00e8s Sainte Vierge. et lui<br \/>\ndemander tous les jours de mourir plut\u00f4t que de<br \/>\ncommettre un seul p\u00e9ch\u00e9 mortel \u00bb.<br \/>\n<strong>2 juillet 904 : La mort \u00e0 Saint Gilles<\/strong><br \/>\nD\u00e8s que les premiers sympt\u00f4mes de la tuberculose<br \/>\nse font sentir, la s\u0153ur d\u2019Eug\u00e9nie, Marie, devenue sa<br \/>\nsup\u00e9rieure en religion, pensa qu\u2019il \u00e9tait bon de<br \/>\nl\u2019envoyer \u00ab prendre l\u2019air des Ardennes \u00bb pour se<br \/>\nsoigner. C\u2019est ainsi que S\u0153ur Eug\u00e9nie atterrit \u00e0<br \/>\nSaint-Gilles au couvent \u00ab de la Sainte Famille du<br \/>\nSacr\u00e9 C\u0153ur \u00bb, famili\u00e8rement appel\u00e9 \u00ab couvent des<br \/>\nm\u00e8res fran\u00e7aises \u00bb par les saint-Gillois.(situ\u00e9 jusqu\u2019en<br \/>\n1958 sur la pelouse entre la rue cour St Gilles et le bd<br \/>\nHillier .Eug\u00e9nie y viendra \u00e0 plusieurs reprises, y fera<br \/>\nun peu de cat\u00e9chisme. Elle mourut apr\u00e8s deux longs<br \/>\nmois d\u2019une atroce agonie. Elle a \u00e9t\u00e9 enterr\u00e9e dans<br \/>\nnotre cimeti\u00e8re. Dans les ann\u00e9es 1930, suite \u00e0 un<br \/>\nmiracle reconnu et de la popularit\u00e9 de la jeune s\u0153ur,<br \/>\nla tombe est devenue un lieu de pri\u00e8re et de<br \/>\np\u00e8lerinage extr\u00eamement fr\u00e9quent\u00e9 : par centaines, de<br \/>\njour et de nuit, les gens escaladent les murs du<br \/>\ncimeti\u00e8re pour veulent toucher la tombe de la petite<br \/>\nEug\u00e9nie.\u00a0 ais le petit cercueil contenant ses restes a<br \/>\n\u00e9t\u00e9 r\u00e9clam\u00e9 par la maison-m\u00e8re autrefois situ\u00e9e \u00e0<br \/>\nDinant. (ao\u00fbt 1936).<\/p>\n<p><strong>Aujourd&rsquo;hui&#8230;<\/strong>L\u2019emplacement de la tombe est toujours<br \/>\nmarqu\u00e9 d\u2019un c\u00e9notaphe, est est l&rsquo;objet d&rsquo;une vague et na\u00efve v\u00e9n\u00e9ration.:<\/p>\n<p>&nbsp;<\/p>\n<p><a href=\"http:\/\/www.paroissesaintgilles.be\/wp-content\/uploads\/2023\/10\/20231021eugenie-joubert-tombe-ast-gilles-scaled.jpg\"><img loading=\"lazy\" decoding=\"async\" class=\"wp-image-7371 alignnone\" src=\"http:\/\/www.paroissesaintgilles.be\/wp-content\/uploads\/2023\/10\/20231021eugenie-joubert-tombe-ast-gilles-135x300.jpg\" alt=\"\" width=\"220\" height=\"489\" srcset=\"https:\/\/www.paroissesaintgilles.be\/wp-content\/uploads\/2023\/10\/20231021eugenie-joubert-tombe-ast-gilles-135x300.jpg 135w, https:\/\/www.paroissesaintgilles.be\/wp-content\/uploads\/2023\/10\/20231021eugenie-joubert-tombe-ast-gilles-461x1024.jpg 461w, https:\/\/www.paroissesaintgilles.be\/wp-content\/uploads\/2023\/10\/20231021eugenie-joubert-tombe-ast-gilles-768x1707.jpg 768w, https:\/\/www.paroissesaintgilles.be\/wp-content\/uploads\/2023\/10\/20231021eugenie-joubert-tombe-ast-gilles-691x1536.jpg 691w, https:\/\/www.paroissesaintgilles.be\/wp-content\/uploads\/2023\/10\/20231021eugenie-joubert-tombe-ast-gilles-922x2048.jpg 922w, https:\/\/www.paroissesaintgilles.be\/wp-content\/uploads\/2023\/10\/20231021eugenie-joubert-tombe-ast-gilles-scaled.jpg 1152w\" sizes=\"auto, (max-width: 220px) 100vw, 220px\" \/><\/a><\/p>\n<p>Le couvent des M\u00e8res fran\u00e7aises \u00e0 Saint-Gilles\u00a0 a \u00e9t\u00e9 d\u00e9truit en 1958.<\/p>\n<p>S\u0153ur Eug\u00e9nie a \u00e9t\u00e9 b\u00e9atifi\u00e9e par le pape saint\u00a0 Jean-Paul<br \/>\nII en 1994.<\/p>\n<p>L\u2019ordre de la Sainte-Famille du Sacr\u00e9 C\u0153ur n\u2019existe plus.<br \/>\n<span style=\"font-size: 1rem;\">canonis\u00e9e?\u00a0 La canonisation n&rsquo;est pas \u00e0 l&rsquo;ordre du jour\u00a0 <\/span>Mais la bienheureuse s\u0153ur Eug\u00e9nie est d\u00e9j\u00e0, chez nos voisins fran\u00e7ais,\u00a0 la sainte<a href=\"https:\/\/www.calameo.com\/read\/00043565932578950072f?authid=j1TDXiAV6MoT\" target=\"_blank\" rel=\"noopener\">\u00a0patronne des cat\u00e9chistes.\u00a0 <\/a><\/p>\n<p>&nbsp;<\/p>\n<p><a href=\"https:\/\/www.calameo.com\/read\/00043565932578950072f?authid=j1TDXiAV6MoT\" target=\"_blank\" rel=\"noopener\"><span style=\"text-decoration: underline;\">Les reliques de sr Eug\u00e9nie \u00e9taient jusqu&rsquo;\u00e0 pr\u00e9sent v\u00e9n\u00e9r\u00e9es \u00e0 la maison-m\u00e8re de son ordre religieux,\u00a0 la Sainte Famille du Sacr\u00e9 C\u0153ur \u00e0 Dinant (Belgique), mais\u00a0 leur translation aura lieu le 30 juin, peu avant sa f\u00eate, vers Saint-Gilles, pr\u00e8s de Li\u00e8ge, o\u00f9 elle est d\u00e9c\u00e9d\u00e9e\u00a0 le 2 juillet\u00a0 1904.<\/span><\/a><\/p>\n<p>pour une pr\u00e9sentation plus compl\u00e8te de la bienheureuse Eug\u00e9nie Joubert,\u00a0 veuillez cliquer sur le lien ci-dessous<\/p>\n<p>http:\/\/www.paroissesaintgilles.be\/wp-content\/uploads\/2024\/06\/bienheureuse-Eugenie-Joubert-presentation-<\/p>\n<p>&nbsp;<\/p>\n<p>A<\/p>\n<p>joubert, complete.pdf<\/p>\n<p>UJOURD&rsquo;HUI \u00e0 partir de ce 2 octobre 2025, A Saint-gilles, l<strong><span style=\"color: #3366ff;\">a messe de CHAQUE lundi matin<\/span> <\/strong>est d\u00e9di\u00e9e \u00e0 la bienheuse (9 h., \u00e0\u00a0 la chapelle \u00ab\u00a0sr Eug\u00e9nie\u00a0\u00bb, (1\u00e8re chapelle \u00e0 gauche en entrant).<\/p>\n<p>&nbsp;<\/p>\n<p>&nbsp;<\/p>\n","protected":false},"excerpt":{"rendered":"<p>Elle n\u2019est pourtant pas n\u00e9e dans la r\u00e9gion : elle est n\u00e9e en en France, en 1876, dans la petite ville d\u2019Yssingeaux, (Haute Loire).dans une famille de 4 enfants. Ses &hellip; <\/p>\n<p class=\"link-more\"><a href=\"https:\/\/www.paroissesaintgilles.be\/?page_id=2260\" class=\"more-link\">Continuer la lecture<span class=\"screen-reader-text\"> de &laquo;&nbsp;Eug\u00e9nie Joubert, la petite sainte de chez nous&nbsp;&raquo;<\/span><\/a><\/p>\n","protected":false},"author":1,"featured_media":0,"parent":0,"menu_order":0,"comment_status":"closed","ping_status":"closed","template":"","meta":{"_crdt_document":"","footnotes":""},"class_list":["post-2260","page","type-page","status-publish","hentry"],"_links":{"self":[{"href":"https:\/\/www.paroissesaintgilles.be\/index.php?rest_route=\/wp\/v2\/pages\/2260","targetHints":{"allow":["GET"]}}],"collection":[{"href":"https:\/\/www.paroissesaintgilles.be\/index.php?rest_route=\/wp\/v2\/pages"}],"about":[{"href":"https:\/\/www.paroissesaintgilles.be\/index.php?rest_route=\/wp\/v2\/types\/page"}],"author":[{"embeddable":true,"href":"https:\/\/www.paroissesaintgilles.be\/index.php?rest_route=\/wp\/v2\/users\/1"}],"replies":[{"embeddable":true,"href":"https:\/\/www.paroissesaintgilles.be\/index.php?rest_route=%2Fwp%2Fv2%2Fcomments&post=2260"}],"version-history":[{"count":28,"href":"https:\/\/www.paroissesaintgilles.be\/index.php?rest_route=\/wp\/v2\/pages\/2260\/revisions"}],"predecessor-version":[{"id":9175,"href":"https:\/\/www.paroissesaintgilles.be\/index.php?rest_route=\/wp\/v2\/pages\/2260\/revisions\/9175"}],"wp:attachment":[{"href":"https:\/\/www.paroissesaintgilles.be\/index.php?rest_route=%2Fwp%2Fv2%2Fmedia&parent=2260"}],"curies":[{"name":"wp","href":"https:\/\/api.w.org\/{rel}","templated":true}]}}